{"id":896,"date":"2022-10-29T15:32:36","date_gmt":"2022-10-29T13:32:36","guid":{"rendered":"https:\/\/sarkamoulet.cz\/introduction\/"},"modified":"2024-03-04T13:23:40","modified_gmt":"2024-03-04T12:23:40","slug":"introduction","status":"publish","type":"page","link":"https:\/\/sarkamoulet.cz\/fr\/","title":{"rendered":"Introduction"},"content":{"rendered":"<div id=\"ttshowcase_0\"><!-- Custom Styles for Grid Layout of Testimonials Showcase --><style type=\"text\/css\" scoped>#ttshowcase_0 .tt_theme_speech .ttshowcase_rl_quote_sided .ttshowcase_rl_quote,\n\t\t\t         \t#ttshowcase_0 .tt_theme_speech .ttshowcase_rl_quote_block .ttshowcase_rl_quote,\n\t\t\t         \t#ttshowcase_0 .tt_theme_speech .ttshowcase_rl_quote_sided .ttshowcase_rl_quote a,\n\t         \t\t\t#ttshowcase_0 .tt_theme_speech .ttshowcase_rl_quote_block .ttshowcase_rl_quote a\n\t\t\t    \t\t\t{\n\t\t\t\t\t\t\t\tbackground:#f5f5f5;\n\t\t\t\t\t\t\t\tcolor:#333333;\n\t\t\t\t\t\t\t}#ttshowcase_0 .tt_theme_speech .ttshowcase_rl_quote_block .ttshowcase_rl_quote:after,\n\t\t\t\t\t\t\t#ttshowcase_0 .tt_theme_speech .tt_quote_info-below .ttshowcase_rl_quote:after,\n\t\t\t\t\t\t\t#ttshowcase_0 .tt_theme_speech .tt_quote_info-above .ttshowcase_rl_quote:after\n\t\t\t\t\t\t\t {\n\t\t\t\t\t\t\t\tborder-color: #f5f5f5 transparent;\n\t\t\t\t\t\t\t}#ttshowcase_0 .tt_theme_speech .ttshowcase_rl_quote_sided .ttshowcase_rl_quote:after {\n\t\t\t\t\t\t\t\tborder-color: transparent #f5f5f5;\n\t\t\t\t\t\t\t}#ttshowcase_0 .tt_theme_speech .tt_info-left,\n\t\t\t\t\t\t\t#ttshowcase_0 .tt_theme_speech .tt_info-right,\n\t\t\t\t\t\t\t {\n\t\t\t\t\t\t\t\twidth: 75px;\n\t\t\t\t\t\t\t}<\/style><div data-slider-options='{\"wrap_id\":\"#ttshowcase_0\",\"counter\":0,\"mode\":\"fade\",\"pause\":\"25000\",\"auto\":true,\"controls\":\"pager\",\"columns\":\"1\",\"arrow_next\":\"&amp;lt;i class=&amp;quot;fa fa-caret-right fa-2x&amp;quot; &amp;gt;&amp;lt;\\\/i&amp;gt;\",\"arrow_prev\":\"&amp;lt;i class=&amp;quot;fa fa-caret-left fa-2x&amp;quot; &amp;gt;&amp;lt;\\\/i&amp;gt;\",\"adaptive_height\":false,\"touchEnabled\":true,\"query_count\":4}' class='ttshowcase_slider' style='display:none'><div class=\"ttshowcase_wrap tt_theme_speech\"><div class=\"tt_full_column tt_text_left tts-reference-fr tts-id-44 \" id=\"tt1409\" ><div class=\"ttshowcase_rl_box tt_full_column tt_text_left \" ><div><div class=\"ttshowcase_rl_info_wrap tt_info-left tt_text_center\"><div class=\"ttshowcase_rl_image tt_img_circle tt_img_none\"><img decoding=\"async\" data-no-lazy=\"1\" src=\"https:\/\/sarkamoulet.cz\/wp-content\/uploads\/2023\/10\/user-75x75.png\" width=\"55\"  height=\"55\" alt=\"\" class=\"ttshowcase_image\" \/><\/div><div class=\"ttshowcase_rl_aditional_info \"><div class=\"ttshowcase_rl_title reviewer\">Romana<\/div><\/div><\/div><div class=\"tt_quote_info-left ttshowcase_rl_quote_sided\" ><div class=\"ttshowcase_rl_quote\"><p>\u00ab\u00a0\u0160\u00e1rka est une personne qui sait \u00e9couter les autres avec attention et concentration.<\/p>\n<p>On peut communiquer avec elle ouvertement et en toute confiance, tout en respectant la personnalit\u00e9 de l&rsquo;autre. Elle ne cherche pas les solutions faciles, elle essaie de comprendre les choses en profondeur et de trouver des solutions constructives, m\u00eame si elles ne sont pas toujours faciles.\u00a0\u00bb<\/p>\n<\/div><\/div><\/div><\/div>&nbsp;<\/div><div class=\"tt_full_column tt_text_left tts-reference-fr tts-id-44 \" id=\"tt1410\" ><div class=\"ttshowcase_rl_box tt_full_column tt_text_left \" ><div><div class=\"ttshowcase_rl_info_wrap tt_info-left tt_text_center\"><div class=\"ttshowcase_rl_image tt_img_circle tt_img_none\"><img decoding=\"async\" data-no-lazy=\"1\" src=\"https:\/\/sarkamoulet.cz\/wp-content\/uploads\/2023\/10\/user-75x75.png\" width=\"55\"  height=\"55\" alt=\"\" class=\"ttshowcase_image\" \/><\/div><div class=\"ttshowcase_rl_aditional_info \"><div class=\"ttshowcase_rl_title reviewer\">Fran\u00e7oise<\/div><\/div><\/div><div class=\"tt_quote_info-left ttshowcase_rl_quote_sided\" ><div class=\"ttshowcase_rl_quote\"><p>En g\u00e9n\u00e9ral, j\u2019ai une confiance en moi assez stable, mais lorsque je me lance dans de nouveaux projets, je ressens une certaine angoisse qui me paralyse, qui m\u2019incite \u00e0 rebrousser chemin et ensuite, j\u2019ai des regrets. Derni\u00e8rement, je m\u2019\u00e9tais inscrite dans une formation pour laquelle je ne me sentais pas \u00e0 la hauteur, j\u2019\u00e9tais sur le point de renoncer \u00e0 mon engagement dans cette aventure, mais apr\u00e8s quelques s\u00e9ances de coaching chez Sarka, j\u2019ai pu prendre conscience des freins que j\u2019installais, elle m\u2019a permis de les\u00a0 \u00ab d\u00e9sinstaller \u00bb un \u00e0 un. C\u2019est avec une belle s\u00e9r\u00e9nit\u00e9 que j\u2019ai entam\u00e9 la formation, elle est \u00e0 pr\u00e9sent termin\u00e9e et j\u2019\u00e9prouve un excellent sentiment de r\u00e9ussite. Cette belle exp\u00e9rience laissera des traces et me servira certainement pour continuer \u00e0 avancer sur le chemin de mon d\u00e9veloppement personnel.<\/p>\n<p>Un tout grand merci \u00e0 ma coach.<\/p>\n<\/div><\/div><\/div><\/div>&nbsp;<\/div><div class=\"tt_full_column tt_text_left tts-reference-fr tts-id-44 \" id=\"tt1438\" ><div class=\"ttshowcase_rl_box tt_full_column tt_text_left \" ><div><div class=\"ttshowcase_rl_info_wrap tt_info-left tt_text_center\"><div class=\"ttshowcase_rl_image tt_img_circle tt_img_none\"><img decoding=\"async\" data-no-lazy=\"1\" src=\"https:\/\/sarkamoulet.cz\/wp-content\/plugins\/testimonials-showcase\/layouts\/slider\/imgs\/default.png\" width=\"55\"  alt=\"Default Avatar55\" class=\"ttshowcase_image\" \/><\/div><div class=\"ttshowcase_rl_aditional_info \"><div class=\"ttshowcase_rl_title reviewer\">Vla\u010fka<\/div><\/div><\/div><div class=\"tt_quote_info-left ttshowcase_rl_quote_sided\" ><div class=\"ttshowcase_rl_quote\"><p>J&rsquo;ai demand\u00e9 \u0160\u00e1rka de m&rsquo;aider en tant que coach personnel \u00e0 un moment o\u00f9 je ne savais pas quelle direction prendre. Je me trouvais \u00e0 une sorte de carrefour dans ma vie et je n&rsquo;avais aucune id\u00e9e de ce qu&rsquo;il fallait faire ensuite, je manquais d&rsquo;\u00e9nergie, j&rsquo;\u00e9tais \u00e9puis\u00e9e. \u0160\u00e1rka m&rsquo;a aid\u00e9e \u00e0 trouver la bonne direction gr\u00e2ce \u00e0 son accompagnement empathique et rationnel, en d\u00e9m\u00ealant avec moi l&rsquo;\u00e9cheveau de mes pens\u00e9es et en me guidant vers mes propres r\u00e9ponses d&rsquo;une mani\u00e8re tr\u00e8s intuitive et douce. Elle a ouvert efficacement les possibilit\u00e9s qui s&rsquo;offraient \u00e0 moi. Elle a r\u00e9ussi \u00e0 r\u00e9veiller en moi une vision positive de la vie et \u00e0 trouver la motivation et l&rsquo;envie d&rsquo;y aller ! Cela m&rsquo;a aid\u00e9 \u00e0 avancer dans la direction que je souhaitais ! Pour tout cela, \u0160\u00e1rka, merci du fond du c\u0153ur !<\/p>\n<\/div><\/div><\/div><\/div>&nbsp;<\/div><div class=\"tt_full_column tt_text_left tts-reference-fr tts-id-44 \" id=\"tt1489\" ><div class=\"ttshowcase_rl_box tt_full_column tt_text_left \" ><div><div class=\"ttshowcase_rl_info_wrap tt_info-left tt_text_center\"><div class=\"ttshowcase_rl_image tt_img_circle tt_img_none\"><img decoding=\"async\" data-no-lazy=\"1\" src=\"https:\/\/sarkamoulet.cz\/wp-content\/plugins\/testimonials-showcase\/layouts\/slider\/imgs\/default.png\" width=\"55\"  alt=\"Default Avatar55\" class=\"ttshowcase_image\" \/><\/div><div class=\"ttshowcase_rl_aditional_info \"><div class=\"ttshowcase_rl_title reviewer\">Latifa<\/div><\/div><\/div><div class=\"tt_quote_info-left ttshowcase_rl_quote_sided\" ><div class=\"ttshowcase_rl_quote\"><p>Mon exp\u00e9rience de coaching avec Sarka a \u00e9t\u00e9 exceptionnelle. Elle a su cr\u00e9er un environnement chaleureux o\u00f9 je me suis senti compris et encourag\u00e9. L&rsquo;accent qu&rsquo;elle met sur la confiance en soi m&rsquo;a permis de surmonter des doutes que je tra\u00eenais depuis longtemps. Un aspect qui m&rsquo;a particuli\u00e8rement marqu\u00e9 est son soutien dans la d\u00e9finition et la r\u00e9alisation de mes projets. \u00c0 travers des s\u00e9ances de coaching personnalis\u00e9es, elle a su me guider avec des conseils pratiques et des outils concrets. Par exemple, lorsqu&rsquo;elle a identifi\u00e9 certaines croyances limitantes que j&rsquo;avais, elle m&rsquo;a aid\u00e9 \u00e0 les transformer en pens\u00e9es positives, ce qui a eu un impact significatif sur ma vision de moi-m\u00eame et de mes capacit\u00e9s.<\/p>\n<\/div><\/div><\/div><\/div>&nbsp;<\/div><\/div><\/div><\/div><!-- Closing Wrap Div for ttshowcase_0 -->\n","protected":false},"excerpt":{"rendered":"","protected":false},"author":1,"featured_media":0,"parent":0,"menu_order":0,"comment_status":"closed","ping_status":"open","template":"","meta":{"footnotes":""},"acf":[],"_links":{"self":[{"href":"https:\/\/sarkamoulet.cz\/fr\/wp-json\/wp\/v2\/pages\/896"}],"collection":[{"href":"https:\/\/sarkamoulet.cz\/fr\/wp-json\/wp\/v2\/pages"}],"about":[{"href":"https:\/\/sarkamoulet.cz\/fr\/wp-json\/wp\/v2\/types\/page"}],"author":[{"embeddable":true,"href":"https:\/\/sarkamoulet.cz\/fr\/wp-json\/wp\/v2\/users\/1"}],"replies":[{"embeddable":true,"href":"https:\/\/sarkamoulet.cz\/fr\/wp-json\/wp\/v2\/comments?post=896"}],"version-history":[{"count":24,"href":"https:\/\/sarkamoulet.cz\/fr\/wp-json\/wp\/v2\/pages\/896\/revisions"}],"predecessor-version":[{"id":1517,"href":"https:\/\/sarkamoulet.cz\/fr\/wp-json\/wp\/v2\/pages\/896\/revisions\/1517"}],"wp:attachment":[{"href":"https:\/\/sarkamoulet.cz\/fr\/wp-json\/wp\/v2\/media?parent=896"}],"curies":[{"name":"wp","href":"https:\/\/api.w.org\/{rel}","templated":true}]}}